{"id":143,"date":"2024-10-22T17:43:16","date_gmt":"2024-10-22T15:43:16","guid":{"rendered":"https:\/\/youco24.de\/?page_id=143"},"modified":"2025-02-10T14:46:45","modified_gmt":"2025-02-10T13:46:45","slug":"kontakt","status":"publish","type":"page","link":"https:\/\/youco24.de\/en\/contact\/","title":{"rendered":"Contact"},"content":{"rendered":"\n<div class=\"module module--form--contact bg--neutral-10\">\n\n\t<div class=\"module--inner\">\n\n\t\t<div class=\"row\">\n\n\t\t\t<div class=\"col col-8 col-12--sm flex-order-2--sm\">\n\n\t<h1 class=\"t-h1 t-color--blue-200 is-hidden--sm\">Kontakt<\/h1>\t\t\t<div class=\"t-p1 t--wysiwyg pt-4\"><p>Unser Team steht Ihnen an vielen Standorten deutschlandweit gerne zur Verf\u00fcgung. Sie erreichen uns telefonisch oder per E-Mail unter <a href=\"mailto:info@youco24.de\">info@youco24.de<\/a>. Wir melden uns unverz\u00fcglich bei Ihnen und kl\u00e4ren in einem pers\u00f6nlichen Gespr\u00e4ch mit Ihnen, wie wir Ihnen am besten und einfachsten weiterhelfen k\u00f6nnen. Z\u00f6gern Sie nicht und sprechen Sie uns einfach an.<\/p>\n<\/div>\n\t\n\t<div class=\"form--wrapper pt-5\">\n\t\t<script type=\"text\/javascript\">\n\/* <![CDATA[ *\/\nvar gform;gform||(document.addEventListener(\"gform_main_scripts_loaded\",function(){gform.scriptsLoaded=!0}),document.addEventListener(\"gform\/theme\/scripts_loaded\",function(){gform.themeScriptsLoaded=!0}),window.addEventListener(\"DOMContentLoaded\",function(){gform.domLoaded=!0}),gform={domLoaded:!1,scriptsLoaded:!1,themeScriptsLoaded:!1,isFormEditor:()=>\"function\"==typeof InitializeEditor,callIfLoaded:function(o){return!(!gform.domLoaded||!gform.scriptsLoaded||!gform.themeScriptsLoaded&&!gform.isFormEditor()||(gform.isFormEditor()&&console.warn(\"The use of gform.initializeOnLoaded() is deprecated in the form editor context and will be removed in Gravity Forms 3.1.\"),o(),0))},initializeOnLoaded:function(o){gform.callIfLoaded(o)||(document.addEventListener(\"gform_main_scripts_loaded\",()=>{gform.scriptsLoaded=!0,gform.callIfLoaded(o)}),document.addEventListener(\"gform\/theme\/scripts_loaded\",()=>{gform.themeScriptsLoaded=!0,gform.callIfLoaded(o)}),window.addEventListener(\"DOMContentLoaded\",()=>{gform.domLoaded=!0,gform.callIfLoaded(o)}))},hooks:{action:{},filter:{}},addAction:function(o,r,e,t){gform.addHook(\"action\",o,r,e,t)},addFilter:function(o,r,e,t){gform.addHook(\"filter\",o,r,e,t)},doAction:function(o){gform.doHook(\"action\",o,arguments)},applyFilters:function(o){return gform.doHook(\"filter\",o,arguments)},removeAction:function(o,r){gform.removeHook(\"action\",o,r)},removeFilter:function(o,r,e){gform.removeHook(\"filter\",o,r,e)},addHook:function(o,r,e,t,n){null==gform.hooks[o][r]&&(gform.hooks[o][r]=[]);var d=gform.hooks[o][r];null==n&&(n=r+\"_\"+d.length),gform.hooks[o][r].push({tag:n,callable:e,priority:t=null==t?10:t})},doHook:function(r,o,e){var t;if(e=Array.prototype.slice.call(e,1),null!=gform.hooks[r][o]&&((o=gform.hooks[r][o]).sort(function(o,r){return o.priority-r.priority}),o.forEach(function(o){\"function\"!=typeof(t=o.callable)&&(t=window[t]),\"action\"==r?t.apply(null,e):e[0]=t.apply(null,e)})),\"filter\"==r)return e[0]},removeHook:function(o,r,t,n){var e;null!=gform.hooks[o][r]&&(e=(e=gform.hooks[o][r]).filter(function(o,r,e){return!!(null!=n&&n!=o.tag||null!=t&&t!=o.priority)}),gform.hooks[o][r]=e)}});\n\/* ]]> *\/\n<\/script>\n\n                <div class='gf_browser_gecko gform_wrapper gform-theme gform-theme--foundation gform-theme--framework gform-theme--orbital' data-form-theme='orbital' data-form-index='0' id='gform_wrapper_1'><style>#gform_wrapper_1[data-form-index=\"0\"].gform-theme,[data-parent-form=\"1_0\"]{--gf-color-primary: #204ce5;--gf-color-primary-rgb: 32, 76, 229;--gf-color-primary-contrast: #fff;--gf-color-primary-contrast-rgb: 255, 255, 255;--gf-color-primary-darker: #001AB3;--gf-color-primary-lighter: #527EFF;--gf-color-secondary: #fff;--gf-color-secondary-rgb: 255, 255, 255;--gf-color-secondary-contrast: #112337;--gf-color-secondary-contrast-rgb: 17, 35, 55;--gf-color-secondary-darker: #F5F5F5;--gf-color-secondary-lighter: #FFFFFF;--gf-color-out-ctrl-light: rgba(17, 35, 55, 0.1);--gf-color-out-ctrl-light-rgb: 17, 35, 55;--gf-color-out-ctrl-light-darker: rgba(104, 110, 119, 0.35);--gf-color-out-ctrl-light-lighter: #F5F5F5;--gf-color-out-ctrl-dark: #585e6a;--gf-color-out-ctrl-dark-rgb: 88, 94, 106;--gf-color-out-ctrl-dark-darker: #112337;--gf-color-out-ctrl-dark-lighter: rgba(17, 35, 55, 0.65);--gf-color-in-ctrl: #fff;--gf-color-in-ctrl-rgb: 255, 255, 255;--gf-color-in-ctrl-contrast: #112337;--gf-color-in-ctrl-contrast-rgb: 17, 35, 55;--gf-color-in-ctrl-darker: #F5F5F5;--gf-color-in-ctrl-lighter: #FFFFFF;--gf-color-in-ctrl-primary: #204ce5;--gf-color-in-ctrl-primary-rgb: 32, 76, 229;--gf-color-in-ctrl-primary-contrast: #fff;--gf-color-in-ctrl-primary-contrast-rgb: 255, 255, 255;--gf-color-in-ctrl-primary-darker: #001AB3;--gf-color-in-ctrl-primary-lighter: #527EFF;--gf-color-in-ctrl-light: rgba(17, 35, 55, 0.1);--gf-color-in-ctrl-light-rgb: 17, 35, 55;--gf-color-in-ctrl-light-darker: rgba(104, 110, 119, 0.35);--gf-color-in-ctrl-light-lighter: #F5F5F5;--gf-color-in-ctrl-dark: #585e6a;--gf-color-in-ctrl-dark-rgb: 88, 94, 106;--gf-color-in-ctrl-dark-darker: #112337;--gf-color-in-ctrl-dark-lighter: rgba(17, 35, 55, 0.65);--gf-radius: 3px;--gf-font-size-secondary: 14px;--gf-font-size-tertiary: 13px;--gf-icon-ctrl-number: url(\"data:image\/svg+xml,%3Csvg width='8' height='14' viewBox='0 0 8 14' fill='none' xmlns='http:\/\/www.w3.org\/2000\/svg'%3E%3Cpath fill-rule='evenodd' clip-rule='evenodd' d='M4 0C4.26522 5.96046e-08 4.51957 0.105357 4.70711 0.292893L7.70711 3.29289C8.09763 3.68342 8.09763 4.31658 7.70711 4.70711C7.31658 5.09763 6.68342 5.09763 6.29289 4.70711L4 2.41421L1.70711 4.70711C1.31658 5.09763 0.683417 5.09763 0.292893 4.70711C-0.0976311 4.31658 -0.097631 3.68342 0.292893 3.29289L3.29289 0.292893C3.48043 0.105357 3.73478 0 4 0ZM0.292893 9.29289C0.683417 8.90237 1.31658 8.90237 1.70711 9.29289L4 11.5858L6.29289 9.29289C6.68342 8.90237 7.31658 8.90237 7.70711 9.29289C8.09763 9.68342 8.09763 10.3166 7.70711 10.7071L4.70711 13.7071C4.31658 14.0976 3.68342 14.0976 3.29289 13.7071L0.292893 10.7071C-0.0976311 10.3166 -0.0976311 9.68342 0.292893 9.29289Z' fill='rgba(17, 35, 55, 0.65)'\/%3E%3C\/svg%3E\");--gf-icon-ctrl-select: url(\"data:image\/svg+xml,%3Csvg width='10' height='6' viewBox='0 0 10 6' fill='none' xmlns='http:\/\/www.w3.org\/2000\/svg'%3E%3Cpath fill-rule='evenodd' clip-rule='evenodd' d='M0.292893 0.292893C0.683417 -0.097631 1.31658 -0.097631 1.70711 0.292893L5 3.58579L8.29289 0.292893C8.68342 -0.0976311 9.31658 -0.0976311 9.70711 0.292893C10.0976 0.683417 10.0976 1.31658 9.70711 1.70711L5.70711 5.70711C5.31658 6.09763 4.68342 6.09763 4.29289 5.70711L0.292893 1.70711C-0.0976311 1.31658 -0.0976311 0.683418 0.292893 0.292893Z' fill='rgba(17, 35, 55, 0.65)'\/%3E%3C\/svg%3E\");--gf-icon-ctrl-search: url(\"data:image\/svg+xml,%3Csvg width='640' height='640' xmlns='http:\/\/www.w3.org\/2000\/svg'%3E%3Cpath d='M256 128c-70.692 0-128 57.308-128 128 0 70.691 57.308 128 128 128 70.691 0 128-57.309 128-128 0-70.692-57.309-128-128-128zM64 256c0-106.039 85.961-192 192-192s192 85.961 192 192c0 41.466-13.146 79.863-35.498 111.248l154.125 154.125c12.496 12.496 12.496 32.758 0 45.254s-32.758 12.496-45.254 0L367.248 412.502C335.862 434.854 297.467 448 256 448c-106.039 0-192-85.962-192-192z' fill='rgba(17, 35, 55, 0.65)'\/%3E%3C\/svg%3E\");--gf-label-space-y-secondary: var(--gf-label-space-y-md-secondary);--gf-ctrl-border-color: #686e77;--gf-ctrl-size: var(--gf-ctrl-size-md);--gf-ctrl-label-color-primary: #112337;--gf-ctrl-label-color-secondary: #112337;--gf-ctrl-choice-size: var(--gf-ctrl-choice-size-md);--gf-ctrl-checkbox-check-size: var(--gf-ctrl-checkbox-check-size-md);--gf-ctrl-radio-check-size: var(--gf-ctrl-radio-check-size-md);--gf-ctrl-btn-font-size: var(--gf-ctrl-btn-font-size-md);--gf-ctrl-btn-padding-x: var(--gf-ctrl-btn-padding-x-md);--gf-ctrl-btn-size: var(--gf-ctrl-btn-size-md);--gf-ctrl-btn-border-color-secondary: #686e77;--gf-ctrl-file-btn-bg-color-hover: #EBEBEB;--gf-field-img-choice-size: var(--gf-field-img-choice-size-md);--gf-field-img-choice-card-space: var(--gf-field-img-choice-card-space-md);--gf-field-img-choice-check-ind-size: var(--gf-field-img-choice-check-ind-size-md);--gf-field-img-choice-check-ind-icon-size: var(--gf-field-img-choice-check-ind-icon-size-md);--gf-field-pg-steps-number-color: rgba(17, 35, 55, 0.8);}<\/style>\n                        <div class='gform_heading'>\n                            <h2 class=\"gform_title\">Kontaktformular<\/h2>\n                            <p class='gform_description'><\/p>\n\t\t\t\t\t\t\t<p class='gform_required_legend'>&quot;<span class=\"gfield_required gfield_required_asterisk\">*<\/span>&quot; indicates required fields<\/p>\n                        <\/div><form method='post' enctype='multipart\/form-data'  id='gform_1'  action='\/en\/wp-json\/wp\/v2\/pages\/143' data-formid='1' novalidate>\n                        <div class='gform-body gform_body'><div id='gform_fields_1' class='gform_fields top_label form_sublabel_above description_above validation_below'><div id=\"field_1_12\" class=\"gfield gfield--type-honeypot gform_validation_container field_sublabel_above gfield--has-description field_description_above field_validation_below gfield_visibility_visible\"><label class='gfield_label gform-field-label' for='input_1_12'>Company<\/label><div class='gfield_description' id='gfield_description_1_12'>This field is for validation purposes and should be left unchanged.<\/div><div class='ginput_container'><input name='input_12' id='input_1_12' type='text' value='' autocomplete='new-password'\/><\/div><\/div><fieldset id=\"field_1_10\" class=\"gfield gfield--type-radio gfield--type-choice gfield--input-type-radio gfield--width-full field_sublabel_above gfield--no-description field_description_above field_validation_below gfield_visibility_visible\"><legend class='gfield_label gform-field-label screen-reader-text'><\/legend><div class='ginput_container ginput_container_radio'><div class='gfield_radio' id='input_1_10'>\n\t\t\t<div class='gchoice gchoice_1_10_0'>\n\t\t\t\t\t<input class='gfield-choice-input' name='input_10' type='radio' value='Herr'  id='choice_1_10_0' onchange='gformToggleRadioOther( this )'    \/>\n\t\t\t\t\t<label for='choice_1_10_0' id='label_1_10_0' class='gform-field-label gform-field-label--type-inline'>Herr<\/label>\n\t\t\t<\/div>\n\t\t\t<div class='gchoice gchoice_1_10_1'>\n\t\t\t\t\t<input class='gfield-choice-input' name='input_10' type='radio' value='Frau'  id='choice_1_10_1' onchange='gformToggleRadioOther( this )'    \/>\n\t\t\t\t\t<label for='choice_1_10_1' id='label_1_10_1' class='gform-field-label gform-field-label--type-inline'>Frau<\/label>\n\t\t\t<\/div>\n\t\t\t<div class='gchoice gchoice_1_10_2'>\n\t\t\t\t\t<input class='gfield-choice-input' name='input_10' type='radio' value='Andere'  id='choice_1_10_2' onchange='gformToggleRadioOther( this )'    \/>\n\t\t\t\t\t<label for='choice_1_10_2' id='label_1_10_2' class='gform-field-label gform-field-label--type-inline'>Andere<\/label>\n\t\t\t<\/div><\/div><\/div><\/fieldset><div id=\"field_1_7\" class=\"gfield gfield--type-text gfield--input-type-text gfield--width-half field-left gfield_contains_required field_sublabel_above gfield--no-description field_description_above field_validation_below gfield_visibility_visible\"><label class='gfield_label gform-field-label' for='input_1_7'>Vorname<span class=\"gfield_required\"><span class=\"gfield_required gfield_required_asterisk\">*<\/span><\/span><\/label><div class='ginput_container ginput_container_text'><input name='input_7' id='input_1_7' type='text' value='' class='large'    placeholder='Vorname' aria-required=\"true\" aria-invalid=\"false\"   \/><\/div><\/div><div id=\"field_1_6\" class=\"gfield gfield--type-text gfield--input-type-text gfield--width-half gfield_contains_required field_sublabel_above gfield--no-description field_description_above field_validation_below gfield_visibility_visible\"><label class='gfield_label gform-field-label' for='input_1_6'>Nachname<span class=\"gfield_required\"><span class=\"gfield_required gfield_required_asterisk\">*<\/span><\/span><\/label><div class='ginput_container ginput_container_text'><input name='input_6' id='input_1_6' type='text' value='' class='large'    placeholder='Nachname' aria-required=\"true\" aria-invalid=\"false\"   \/><\/div><\/div><div id=\"field_1_5\" class=\"gfield gfield--type-email gfield--input-type-email gfield--width-half field-left gfield_contains_required field_sublabel_above gfield--no-description field_description_above field_validation_below gfield_visibility_visible\"><label class='gfield_label gform-field-label' for='input_1_5'>E-Mail<span class=\"gfield_required\"><span class=\"gfield_required gfield_required_asterisk\">*<\/span><\/span><\/label><div class='ginput_container ginput_container_email'>\n                            <input name='input_5' id='input_1_5' type='email' value='' class='large'   placeholder='E-Mail' aria-required=\"true\" aria-invalid=\"false\"  \/>\n                        <\/div><\/div><div id=\"field_1_4\" class=\"gfield gfield--type-phone gfield--input-type-phone gfield--width-half field_sublabel_above gfield--no-description field_description_above field_validation_below gfield_visibility_visible\"><label class='gfield_label gform-field-label' for='input_1_4'>Telefon<\/label><div class='ginput_container ginput_container_phone'><input name='input_4' id='input_1_4' type='tel' value='' class='large'  placeholder='Telefon'  aria-invalid=\"false\"   \/><\/div><\/div><div id=\"field_1_8\" class=\"gfield gfield--type-text gfield--input-type-text gfield--width-full field_sublabel_above gfield--no-description field_description_above field_validation_below gfield_visibility_visible\"><label class='gfield_label gform-field-label' for='input_1_8'>Kanzlei \/ Firma<\/label><div class='ginput_container ginput_container_text'><input name='input_8' id='input_1_8' type='text' value='' class='large'    placeholder='Kanzlei \/ Firma'  aria-invalid=\"false\"   \/><\/div><\/div><div id=\"field_1_3\" class=\"gfield gfield--type-textarea gfield--input-type-textarea field_sublabel_above gfield--no-description field_description_above field_validation_below gfield_visibility_visible\"><label class='gfield_label gform-field-label' for='input_1_3'>Wie k\u00f6nnen wir Ihnen helfen?<\/label><div class='ginput_container ginput_container_textarea'><textarea name='input_3' id='input_1_3' class='textarea medium'    placeholder='Wie k\u00f6nnen wir helfen?'  aria-invalid=\"false\"   rows='10' cols='50'><\/textarea><\/div><\/div><fieldset id=\"field_1_9\" class=\"gfield gfield--type-consent gfield--type-choice gfield--input-type-consent field_sublabel_above gfield--has-description field_description_above field_validation_below gfield_visibility_visible\"><legend class='gfield_label gform-field-label gfield_label_before_complex'>Newsletter<\/legend><div class='gfield_description gfield_consent_description' id='gfield_consent_description_1_9' tabindex='0'>Ich m\u00f6chte Updates und Infos zu neuen Services per Newsletter bekommen und bin mit der Verarbeitung meiner Daten gem\u00e4\u00df der <a href=\"https:\/\/youco24.de\/datenschutz\/\" target=\"_blank\">Datenschutzerkl\u00e4rung<\/a> einverstanden. Ich kann meine Einwilligung jederzeit per E-Mail an <a href=\"mailto:info@youco24.de\">info@youco24.de<\/a> widerrufen.<\/div><div class='ginput_container ginput_container_consent'><input name='input_9.1' id='input_1_9_1' type='checkbox' value='1'  aria-describedby=\"gfield_consent_description_1_9\"  aria-invalid=\"false\"   \/> <label class=\"gform-field-label gform-field-label--type-inline gfield_consent_label\" for='input_1_9_1'>Ich m\u00f6chte Updates und Infos zu neuen Services per Newsletter bekommen und bin mit der Verarbeitung meiner Daten gem\u00e4\u00df der <a href=\"https:\/\/youco24.de\/datenschutz\/\" target=\"_blank\">Datenschutzerkl\u00e4rung<\/a> einverstanden. Ich kann meine Einwilligung jederzeit per E-Mail an <a href=\"mailto:info@youco24.de\">info@youco24.de<\/a> widerrufen.<\/label><input type='hidden' name='input_9.2' value='Ich m\u00f6chte Updates und Infos zu neuen Services per Newsletter bekommen und bin mit der Verarbeitung meiner Daten gem\u00e4\u00df der &lt;a href=&quot;https:\/\/youco24.de\/datenschutz\/&quot; target=&quot;_blank&quot;&gt;Datenschutzerkl\u00e4rung&lt;\/a&gt; einverstanden. Ich kann meine Einwilligung jederzeit per E-Mail an &lt;a href=&quot;mailto:info@youco24.de&quot;&gt;info@youco24.de&lt;\/a&gt; widerrufen.' class='gform_hidden' \/><input type='hidden' name='input_9.3' value='6' class='gform_hidden' \/><\/div><\/fieldset><fieldset id=\"field_1_11\" class=\"gfield gfield--type-consent gfield--type-choice gfield--input-type-consent gfield_contains_required field_sublabel_above gfield--no-description field_description_above field_validation_below gfield_visibility_visible\"><legend class='gfield_label gform-field-label gfield_label_before_complex'>DSGVO<span class=\"gfield_required\"><span class=\"gfield_required gfield_required_asterisk\">*<\/span><\/span><\/legend><div class='ginput_container ginput_container_consent'><input name='input_11.1' id='input_1_11_1' type='checkbox' value='1'   aria-required=\"true\" aria-invalid=\"false\"   \/> <label class=\"gform-field-label gform-field-label--type-inline gfield_consent_label\" for='input_1_11_1'>Ja, ich bin mit der Verarbeitung meiner personenbezogenen Daten f\u00fcr die Beantwortung meiner Anfrage einverstanden und akzeptiere die\u00a0Datenschutzbestimmungen.<\/label><input type='hidden' name='input_11.2' value='Ja, ich bin mit der Verarbeitung meiner personenbezogenen Daten f\u00fcr die Beantwortung meiner Anfrage einverstanden und akzeptiere die\u00a0Datenschutzbestimmungen.' class='gform_hidden' \/><input type='hidden' name='input_11.3' value='6' class='gform_hidden' \/><\/div><\/fieldset><\/div><\/div>\n        <div class='gform-footer gform_footer top_label'> <input type='submit' id='gform_submit_button_1' class='gform_button button gfield--width-one-twelfth' onclick='gform.submission.handleButtonClick(this);' data-submission-type='submit' value='Anfrage senden'  \/> \n            <input type='hidden' class='gform_hidden' name='gform_submission_method' data-js='gform_submission_method_1' value='postback' \/>\n            <input type='hidden' class='gform_hidden' name='gform_theme' data-js='gform_theme_1' id='gform_theme_1' value='orbital' \/>\n            <input type='hidden' class='gform_hidden' name='gform_style_settings' data-js='gform_style_settings_1' id='gform_style_settings_1' value='[]' \/>\n            <input type='hidden' class='gform_hidden' name='is_submit_1' value='1' \/>\n            <input type='hidden' class='gform_hidden' name='gform_submit' value='1' \/>\n            \n            <input type='hidden' class='gform_hidden' name='gform_currency' data-currency='EUR' value='9Trj7uTcYly+dR8bV8L\/2sjhNMcimWxGOv95fCItY+FKCBofq3XNKhsYlwEKZy\/4stKFz9CCVki1xCar3GFJkq3rKQ6WSu3c7H83W1I\/Znau0yM=' \/>\n            <input type='hidden' class='gform_hidden' name='gform_unique_id' value='' \/>\n            <input type='hidden' class='gform_hidden' name='state_1' value='WyJ7XCIxMFwiOltcIjQ2MmRjMDU3ZjQyNmM3MjU0NThhYzcwYWQ5MTRkM2EyXCIsXCIwNjE0OGM2NDI5NTAyNzE4YzFjNzIzNzQ2MjA3MmY3NlwiLFwiNmNiYmQ2MjFhZWM1NzFiZTE2NjM1ZjhiYjE2OWZjMGJcIl0sXCI5LjFcIjpcImRiNzY4ZWQ0OGQwMWE3Y2JmODVhNWQyYmEzMDY1NzRiXCIsXCI5LjJcIjpcIjA0Zjk4ZGI0MTMxOGI4ZjAxNGI3YjRkMGY1MGZmNmYzXCIsXCI5LjNcIjpcIjJjMmRiYWNhYjY1MGE4ODE2MzNlMTUzMGRkZjRiYTNhXCIsXCIxMS4xXCI6XCJkYjc2OGVkNDhkMDFhN2NiZjg1YTVkMmJhMzA2NTc0YlwiLFwiMTEuMlwiOlwiOWI0MDAyNmQwNzk1MzNjMzRkNDllMjVlMDY3MDZiNDZcIixcIjExLjNcIjpcIjJjMmRiYWNhYjY1MGE4ODE2MzNlMTUzMGRkZjRiYTNhXCJ9IiwiYjdiMGI1Mjc5MzBkMDlhOGMyMDgzNWFkMTY5Y2RkNWUiXQ==' \/>\n            <input type='hidden' autocomplete='off' class='gform_hidden' name='gform_target_page_number_1' id='gform_target_page_number_1' value='0' \/>\n            <input type='hidden' autocomplete='off' class='gform_hidden' name='gform_source_page_number_1' id='gform_source_page_number_1' value='1' \/>\n            <input type='hidden' name='gform_field_values' value='' \/>\n            \n        <\/div>\n                        <\/form>\n                        <\/div><script type=\"text\/javascript\">\n\/* <![CDATA[ *\/\n gform.initializeOnLoaded( function() {gformInitSpinner( 1, 'https:\/\/youco24.de\/wp-content\/plugins\/gravityforms\/images\/spinner.svg', false );jQuery('#gform_ajax_frame_1').on('load',function(){var contents = jQuery(this).contents().find('*').html();var is_postback = contents.indexOf('GF_AJAX_POSTBACK') >= 0;if(!is_postback){return;}var form_content = jQuery(this).contents().find('#gform_wrapper_1');var is_confirmation = jQuery(this).contents().find('#gform_confirmation_wrapper_1').length > 0;var is_redirect = contents.indexOf('gformRedirect(){') >= 0;var is_form = form_content.length > 0 && ! is_redirect && ! is_confirmation;var mt = parseInt(jQuery('html').css('margin-top'), 10) + parseInt(jQuery('body').css('margin-top'), 10) + 100;if(is_form){jQuery('#gform_wrapper_1').html(form_content.html());if(form_content.hasClass('gform_validation_error')){jQuery('#gform_wrapper_1').addClass('gform_validation_error');} else {jQuery('#gform_wrapper_1').removeClass('gform_validation_error');}setTimeout( function() { \/* delay the scroll by 50 milliseconds to fix a bug in chrome *\/  }, 50 );if(window['gformInitDatepicker']) {gformInitDatepicker();}if(window['gformInitPriceFields']) {gformInitPriceFields();}var current_page = jQuery('#gform_source_page_number_1').val();gformInitSpinner( 1, 'https:\/\/youco24.de\/wp-content\/plugins\/gravityforms\/images\/spinner.svg', false );jQuery(document).trigger('gform_page_loaded', [1, current_page]);window['gf_submitting_1'] = false;}else if(!is_redirect){var confirmation_content = jQuery(this).contents().find('.GF_AJAX_POSTBACK').html();if(!confirmation_content){confirmation_content = contents;}jQuery('#gform_wrapper_1').replaceWith(confirmation_content);jQuery(document).trigger('gform_confirmation_loaded', [1]);window['gf_submitting_1'] = false;wp.a11y.speak(jQuery('#gform_confirmation_message_1').text());}else{jQuery('#gform_1').append(contents);if(window['gformRedirect']) {gformRedirect();}}jQuery(document).trigger(\"gform_pre_post_render\", [{ formId: \"1\", currentPage: \"current_page\", abort: function() { this.preventDefault(); } }]);        if (event && event.defaultPrevented) {                return;        }        const gformWrapperDiv = document.getElementById( \"gform_wrapper_1\" );        if ( gformWrapperDiv ) {            const visibilitySpan = document.createElement( \"span\" );            visibilitySpan.id = \"gform_visibility_test_1\";            gformWrapperDiv.insertAdjacentElement( \"afterend\", visibilitySpan );        }        const visibilityTestDiv = document.getElementById( \"gform_visibility_test_1\" );        let postRenderFired = false;        function triggerPostRender() {            if ( postRenderFired ) {                return;            }            postRenderFired = true;            gform.core.triggerPostRenderEvents( 1, current_page );            if ( visibilityTestDiv ) {                visibilityTestDiv.parentNode.removeChild( visibilityTestDiv );            }        }        function debounce( func, wait, immediate ) {            var timeout;            return function() {                var context = this, args = arguments;                var later = function() {                    timeout = null;                    if ( !immediate ) func.apply( context, args );                };                var callNow = immediate && !timeout;                clearTimeout( timeout );                timeout = setTimeout( later, wait );                if ( callNow ) func.apply( context, args );            };        }        const debouncedTriggerPostRender = debounce( function() {            triggerPostRender();        }, 200 );        if ( visibilityTestDiv && visibilityTestDiv.offsetParent === null ) {            const observer = new MutationObserver( ( mutations ) => {                mutations.forEach( ( mutation ) => {                    if ( mutation.type === 'attributes' && visibilityTestDiv.offsetParent !== null ) {                        debouncedTriggerPostRender();                        observer.disconnect();                    }                });            });            observer.observe( document.body, {                attributes: true,                childList: false,                subtree: true,                attributeFilter: [ 'style', 'class' ],            });        } else {            triggerPostRender();        }    } );} ); \n\/* ]]> *\/\n<\/script>\n\t\t\t<\/div>\n\t\n<\/div><!-- .col -->\n\n<div class=\"col col-4 col-12--sm col--box pb-6--sm flex-order-1--sm\">\n\n\t<h1 class=\"t-h1 t-color--blue-200 is-visible--sm pb-6\">Kontakt<\/h1>\n\t\n\t\t\n\t  <img decoding=\"async\" loading=\"lazy\" src=\"https:\/\/youco24.de\/wp-content\/uploads\/Youco24_Frankfurt_am_Main_Gateway_Gardens-784x588.jpg\" alt=\"\"\/>\n\n\t\t<div class=\"box gradient--image br--bottom\">\n\n\t\t\t<img decoding=\"async\" loading=\"lazy\" class=\"bg-image full-height\" src=\"https:\/\/youco24.de\/wp-content\/uploads\/Youco24_Frankfurt_am_Main_Gateway_Gardens-300x225.jpg\" alt=\"\"\/>\n\n\t\t\t<div class=\"box--inner\">\n\n\t\t\t\t<div>\n\n\t\t\t\t\t<img decoding=\"async\" loading=\"lazy\" src=\"https:\/\/youco24.de\/wp-content\/themes\/youco24\/assets\/img\/logo--youco24--white.svg\" alt=\"Logo\" class=\"logo--box mb-4\"\/>\n\n\t\t\t\t\t\n                              \n\t\t\t\t<\/div>\n\n\t\t\t<\/div><!-- box-inner -->\n\n\t\t\t\n\t\t<\/div><!-- .box -->\n\n\n\t\n<\/div><!-- .col -->\n    <\/div><!-- .row -->\n\n\t<\/div><!-- module-inner -->\n\n<\/div><!-- .module -->","protected":false},"excerpt":{"rendered":"","protected":false},"author":1,"featured_media":0,"parent":0,"menu_order":8,"comment_status":"closed","ping_status":"closed","template":"","meta":{"_acf_changed":false,"_seopress_robots_primary_cat":"","_seopress_titles_title":"\u00bb Kontaktieren Sie uns | Youco24\u00ae","_seopress_titles_desc":"\u25ba Unsere Expertise f\u00fcr Ihren Erfolg. Kontaktieren Sie uns \u25d5 09:00 - 18:00 Uhr \u2709 info@youco24.de","_seopress_robots_index":"","footnotes":""},"class_list":["post-143","page","type-page","status-publish"],"acf":[],"_links":{"self":[{"href":"https:\/\/youco24.de\/en\/wp-json\/wp\/v2\/pages\/143","targetHints":{"allow":["GET"]}}],"collection":[{"href":"https:\/\/youco24.de\/en\/wp-json\/wp\/v2\/pages"}],"about":[{"href":"https:\/\/youco24.de\/en\/wp-json\/wp\/v2\/types\/page"}],"author":[{"embeddable":true,"href":"https:\/\/youco24.de\/en\/wp-json\/wp\/v2\/users\/1"}],"replies":[{"embeddable":true,"href":"https:\/\/youco24.de\/en\/wp-json\/wp\/v2\/comments?post=143"}],"version-history":[{"count":11,"href":"https:\/\/youco24.de\/en\/wp-json\/wp\/v2\/pages\/143\/revisions"}],"predecessor-version":[{"id":9108,"href":"https:\/\/youco24.de\/en\/wp-json\/wp\/v2\/pages\/143\/revisions\/9108"}],"wp:attachment":[{"href":"https:\/\/youco24.de\/en\/wp-json\/wp\/v2\/media?parent=143"}],"curies":[{"name":"wp","href":"https:\/\/api.w.org\/{rel}","templated":true}]}}